{"id":4682,"date":"2024-07-16T15:39:33","date_gmt":"2024-07-16T14:39:33","guid":{"rendered":"https:\/\/tcg.consulweb.click\/por-que-nosotros\/"},"modified":"2025-11-16T22:34:09","modified_gmt":"2025-11-16T21:34:09","slug":"por-que-nosotros","status":"publish","type":"page","link":"https:\/\/tcg.consulweb.click\/es\/por-que-nosotros\/","title":{"rendered":"\u00bfPor qu\u00e9 nosotros?"},"content":{"rendered":"\t\t<div data-elementor-type=\"wp-page\" data-elementor-id=\"4682\" class=\"elementor elementor-4682 elementor-3894\" data-elementor-post-type=\"page\">\n\t\t\t\t\t\t\t<div class=\"elementor-element elementor-element-90f657d e-con-full stripes e-flex e-con e-parent\" data-id=\"90f657d\" data-element_type=\"container\" data-settings=\"{&quot;background_background&quot;:&quot;classic&quot;,&quot;shape_divider_bottom&quot;:&quot;mountains&quot;,&quot;content_width&quot;:&quot;full&quot;}\" data-core-v316-plus=\"true\">\n\t\t\t\t<div class=\"elementor-shape elementor-shape-bottom\" data-negative=\"false\">\n\t\t\t<svg xmlns=\"http:\/\/www.w3.org\/2000\/svg\" viewBox=\"0 0 1000 100\" preserveAspectRatio=\"none\">\n\t<path class=\"elementor-shape-fill\" opacity=\"0.33\" d=\"M473,67.3c-203.9,88.3-263.1-34-320.3,0C66,119.1,0,59.7,0,59.7V0h1000v59.7 c0,0-62.1,26.1-94.9,29.3c-32.8,3.3-62.8-12.3-75.8-22.1C806,49.6,745.3,8.7,694.9,4.7S492.4,59,473,67.3z\"\/>\n\t<path class=\"elementor-shape-fill\" opacity=\"0.66\" d=\"M734,67.3c-45.5,0-77.2-23.2-129.1-39.1c-28.6-8.7-150.3-10.1-254,39.1 s-91.7-34.4-149.2,0C115.7,118.3,0,39.8,0,39.8V0h1000v36.5c0,0-28.2-18.5-92.1-18.5C810.2,18.1,775.7,67.3,734,67.3z\"\/>\n\t<path class=\"elementor-shape-fill\" d=\"M766.1,28.9c-200-57.5-266,65.5-395.1,19.5C242,1.8,242,5.4,184.8,20.6C128,35.8,132.3,44.9,89.9,52.5C28.6,63.7,0,0,0,0 h1000c0,0-9.9,40.9-83.6,48.1S829.6,47,766.1,28.9z\"\/>\n<\/svg>\t\t<\/div>\n\t\t\t\t<div class=\"elementor-element elementor-element-323f1fa elementor-widget elementor-widget-breadcrumbs\" data-id=\"323f1fa\" data-element_type=\"widget\" data-widget_type=\"breadcrumbs.default\">\n\t\t\t\t<div class=\"elementor-widget-container\">\n\t\t\t<link rel=\"stylesheet\" href=\"https:\/\/tcg.consulweb.click\/wp-content\/plugins\/pro-elements\/assets\/css\/widget-theme-elements.min.css\"><p id=\"breadcrumbs\"><span><span><a href=\"https:\/\/tcg.consulweb.click\/es\/inicio\/\">Home<\/a><\/span><\/span><\/p>\t\t<\/div>\n\t\t\t\t<\/div>\n\t\t\t\t<\/div>\n\t\t<div class=\"elementor-element elementor-element-1b5fc2c e-flex e-con-boxed e-con e-parent\" data-id=\"1b5fc2c\" data-element_type=\"container\" data-settings=\"{&quot;content_width&quot;:&quot;boxed&quot;}\" data-core-v316-plus=\"true\">\n\t\t\t\t\t<div class=\"e-con-inner\">\n\t\t\t\t<div class=\"elementor-element elementor-element-3623c29 elementor-widget elementor-widget-image\" data-id=\"3623c29\" data-element_type=\"widget\" data-widget_type=\"image.default\">\n\t\t\t\t<div class=\"elementor-widget-container\">\n\t\t\t<style>\/*! elementor - v3.18.0 - 20-12-2023 *\/\n.elementor-widget-image{text-align:center}.elementor-widget-image a{display:inline-block}.elementor-widget-image a img[src$=\".svg\"]{width:48px}.elementor-widget-image img{vertical-align:middle;display:inline-block}<\/style>\t\t\t\t\t\t\t\t\t\t\t\t<img fetchpriority=\"high\" decoding=\"async\" width=\"512\" height=\"512\" src=\"https:\/\/tcg.consulweb.click\/wp-content\/uploads\/tcg-favicon.png\" class=\"attachment-full size-full wp-image-3590\" alt=\"Tcg Favicon\" srcset=\"https:\/\/tcg.consulweb.click\/wp-content\/uploads\/tcg-favicon.png 512w, https:\/\/tcg.consulweb.click\/wp-content\/uploads\/tcg-favicon-300x300.png 300w, https:\/\/tcg.consulweb.click\/wp-content\/uploads\/tcg-favicon-150x150.png 150w\" sizes=\"(max-width: 512px) 100vw, 512px\" \/>\t\t\t\t\t\t\t\t\t\t\t\t\t\t\t<\/div>\n\t\t\t\t<\/div>\n\t\t\t\t<div class=\"elementor-element elementor-element-9c8f676 elementor-widget elementor-widget-heading\" data-id=\"9c8f676\" data-element_type=\"widget\" data-widget_type=\"heading.default\">\n\t\t\t\t<div class=\"elementor-widget-container\">\n\t\t\t<style>\/*! elementor - v3.18.0 - 20-12-2023 *\/\n.elementor-heading-title{padding:0;margin:0;line-height:1}.elementor-widget-heading .elementor-heading-title[class*=elementor-size-]>a{color:inherit;font-size:inherit;line-height:inherit}.elementor-widget-heading .elementor-heading-title.elementor-size-small{font-size:15px}.elementor-widget-heading .elementor-heading-title.elementor-size-medium{font-size:19px}.elementor-widget-heading .elementor-heading-title.elementor-size-large{font-size:29px}.elementor-widget-heading .elementor-heading-title.elementor-size-xl{font-size:39px}.elementor-widget-heading .elementor-heading-title.elementor-size-xxl{font-size:59px}<\/style><h2 class=\"elementor-heading-title elementor-size-default\">Descubre la magia de Catalu\u00f1a<\/h2>\t\t<\/div>\n\t\t\t\t<\/div>\n\t\t\t\t<div class=\"elementor-element elementor-element-25aabf1 elementor-widget__width-initial elementor-widget elementor-widget-text-editor\" data-id=\"25aabf1\" data-element_type=\"widget\" data-widget_type=\"text-editor.default\">\n\t\t\t\t<div class=\"elementor-widget-container\">\n\t\t\t<style>\/*! elementor - v3.18.0 - 20-12-2023 *\/\n.elementor-widget-text-editor.elementor-drop-cap-view-stacked .elementor-drop-cap{background-color:#69727d;color:#fff}.elementor-widget-text-editor.elementor-drop-cap-view-framed .elementor-drop-cap{color:#69727d;border:3px solid;background-color:transparent}.elementor-widget-text-editor:not(.elementor-drop-cap-view-default) .elementor-drop-cap{margin-top:8px}.elementor-widget-text-editor:not(.elementor-drop-cap-view-default) .elementor-drop-cap-letter{width:1em;height:1em}.elementor-widget-text-editor .elementor-drop-cap{float:left;text-align:center;line-height:1;font-size:50px}.elementor-widget-text-editor .elementor-drop-cap-letter{display:inline-block}<\/style>\t\t\t\t<p style=\"text-align: center;\">Uno de los mayores atractivos de los Tours por Catalu\u00f1a con The Catalan Guide es la oportunidad de explorar los lugares m\u00e1s emblem\u00e1ticos de Barcelona. Visite el famoso Parque G\u00fcell, dise\u00f1ado por el legendario arquitecto Antoni Gaud\u00ed, y marav\u00edllese con sus coloridos mosaicos y su singular arquitectura. Pasee por las encantadoras calles del Barrio G\u00f3tico y sum\u00e9rjase en la rica historia y cultura de la ciudad.  <\/p>\n\t\t\t\t\t\t<\/div>\n\t\t\t\t<\/div>\n\t\t\t\t\t<\/div>\n\t\t\t\t<\/div>\n\t\t<div class=\"elementor-element elementor-element-7d01a66 e-flex e-con-boxed e-con e-parent\" data-id=\"7d01a66\" data-element_type=\"container\" data-settings=\"{&quot;background_background&quot;:&quot;classic&quot;,&quot;content_width&quot;:&quot;boxed&quot;}\" data-core-v316-plus=\"true\">\n\t\t\t\t\t<div class=\"e-con-inner\">\n\t\t<div class=\"elementor-element elementor-element-8cea4be e-flex e-con-boxed e-con e-child\" data-id=\"8cea4be\" data-element_type=\"container\" data-settings=\"{&quot;background_background&quot;:&quot;classic&quot;,&quot;content_width&quot;:&quot;boxed&quot;}\">\n\t\t\t\t\t<div class=\"e-con-inner\">\n\t\t\t\t<div class=\"elementor-element elementor-element-cc9ab47 elementor-widget__width-initial elementor-widget elementor-widget-heading\" data-id=\"cc9ab47\" data-element_type=\"widget\" data-widget_type=\"heading.default\">\n\t\t\t\t<div class=\"elementor-widget-container\">\n\t\t\t<span class=\"elementor-heading-title elementor-size-default\">\u00bfPreparado para vivir la magia de Catalu\u00f1a con The Catalan Guide?<\/span>\t\t<\/div>\n\t\t\t\t<\/div>\n\t\t\t\t<div class=\"elementor-element elementor-element-245d1c2 elementor-widget elementor-widget-heading\" data-id=\"245d1c2\" data-element_type=\"widget\" data-widget_type=\"heading.default\">\n\t\t\t\t<div class=\"elementor-widget-container\">\n\t\t\t<span class=\"elementor-heading-title elementor-size-default\">Reserve su excursi\u00f3n hoy mismo y emb\u00e1rquese en una aventura inolvidable por esta cautivadora regi\u00f3n.<\/span>\t\t<\/div>\n\t\t\t\t<\/div>\n\t\t\t\t\t<\/div>\n\t\t\t\t<\/div>\n\t\t\t\t\t<\/div>\n\t\t\t\t<\/div>\n\t\t<div class=\"elementor-element elementor-element-3b15e03 e-flex e-con-boxed e-con e-parent\" data-id=\"3b15e03\" data-element_type=\"container\" data-settings=\"{&quot;content_width&quot;:&quot;boxed&quot;}\" data-core-v316-plus=\"true\">\n\t\t\t\t\t<div class=\"e-con-inner\">\n\t\t<div class=\"elementor-element elementor-element-a4d80a7 e-flex e-con-boxed e-con e-child\" data-id=\"a4d80a7\" data-element_type=\"container\" data-settings=\"{&quot;background_background&quot;:&quot;classic&quot;,&quot;content_width&quot;:&quot;boxed&quot;}\">\n\t\t\t\t\t<div class=\"e-con-inner\">\n\t\t<div class=\"elementor-element elementor-element-f8dc80c e-con-full e-flex e-con e-child\" data-id=\"f8dc80c\" data-element_type=\"container\" data-settings=\"{&quot;content_width&quot;:&quot;full&quot;,&quot;background_background&quot;:&quot;classic&quot;}\">\n\t\t\t\t<div class=\"elementor-element elementor-element-1e37928 elementor-widget__width-initial elementor-widget elementor-widget-heading\" data-id=\"1e37928\" data-element_type=\"widget\" data-widget_type=\"heading.default\">\n\t\t\t\t<div class=\"elementor-widget-container\">\n\t\t\t<h2 class=\"elementor-heading-title elementor-size-default\">Descubre las joyas ocultas<\/h2>\t\t<\/div>\n\t\t\t\t<\/div>\n\t\t\t\t<div class=\"elementor-element elementor-element-fa2d0e3 elementor-widget elementor-widget-text-editor\" data-id=\"fa2d0e3\" data-element_type=\"widget\" data-widget_type=\"text-editor.default\">\n\t\t\t\t<div class=\"elementor-widget-container\">\n\t\t\t\t\t\t\t<p>Salga de Barcelona y descubra los tesoros ocultos de Girona y la Costa Brava con The Catalan Guide. Explore la ciudad medieval de Girona, con sus antiguas murallas y pintorescas riberas, antes de dirigirse a las impresionantes playas y aguas cristalinas de la Costa Brava. Disfrute de las vistas espectaculares y rel\u00e1jese en las arenas de esta hermosa regi\u00f3n costera.  <\/p>\n\t\t\t\t\t\t<\/div>\n\t\t\t\t<\/div>\n\t\t\t\t<div class=\"elementor-element elementor-element-b2c4446 elementor-widget elementor-widget-text-editor\" data-id=\"b2c4446\" data-element_type=\"widget\" data-widget_type=\"text-editor.default\">\n\t\t\t\t<div class=\"elementor-widget-container\">\n\t\t\t\t\t\t\t<p>Ning\u00fan viaje a Catalu\u00f1a estar\u00eda completo sin una visita a Montserrat y la emblem\u00e1tica Sagrada Familia. The Catalan Guide ofrece excursiones a Montserrat, donde podr\u00e1 maravillarse con las majestuosas vistas de la monta\u00f1a y visitar el famoso monasterio benedictino. Despu\u00e9s, dir\u00edjase a Barcelona para admirar la obra maestra de Gaud\u00ed, la Sagrada Familia, y contemplar de cerca su impresionante arquitectura.  <\/p>\n\t\t\t\t\t\t<\/div>\n\t\t\t\t<\/div>\n\t\t\t\t<\/div>\n\t\t\t\t\t<\/div>\n\t\t\t\t<\/div>\n\t\t<div class=\"elementor-element elementor-element-07e9b5c e-flex e-con-boxed e-con e-child\" data-id=\"07e9b5c\" data-element_type=\"container\" data-settings=\"{&quot;content_width&quot;:&quot;boxed&quot;}\">\n\t\t\t\t\t<div class=\"e-con-inner\">\n\t\t\t\t<div class=\"elementor-element elementor-element-b510409 elementor-widget elementor-widget-image\" data-id=\"b510409\" data-element_type=\"widget\" data-settings=\"{&quot;motion_fx_motion_fx_scrolling&quot;:&quot;yes&quot;,&quot;motion_fx_translateY_effect&quot;:&quot;yes&quot;,&quot;motion_fx_translateY_speed&quot;:{&quot;unit&quot;:&quot;px&quot;,&quot;size&quot;:2,&quot;sizes&quot;:[]},&quot;motion_fx_devices&quot;:[&quot;desktop&quot;,&quot;tablet&quot;],&quot;motion_fx_translateY_direction&quot;:&quot;negative&quot;,&quot;motion_fx_translateY_affectedRange&quot;:{&quot;unit&quot;:&quot;%&quot;,&quot;size&quot;:&quot;&quot;,&quot;sizes&quot;:{&quot;start&quot;:0,&quot;end&quot;:100}}}\" data-widget_type=\"image.default\">\n\t\t\t\t<div class=\"elementor-widget-container\">\n\t\t\t\t\t\t\t\t\t\t\t\t\t\t\t<img decoding=\"async\" width=\"1279\" height=\"1920\" src=\"https:\/\/tcg.consulweb.click\/wp-content\/uploads\/IMG_9583.jpg\" class=\"attachment-full size-full wp-image-3902\" alt=\"Img 9583\" srcset=\"https:\/\/tcg.consulweb.click\/wp-content\/uploads\/IMG_9583.jpg 1279w, https:\/\/tcg.consulweb.click\/wp-content\/uploads\/IMG_9583-200x300.jpg 200w, https:\/\/tcg.consulweb.click\/wp-content\/uploads\/IMG_9583-682x1024.jpg 682w, https:\/\/tcg.consulweb.click\/wp-content\/uploads\/IMG_9583-768x1153.jpg 768w, https:\/\/tcg.consulweb.click\/wp-content\/uploads\/IMG_9583-1023x1536.jpg 1023w\" sizes=\"(max-width: 1279px) 100vw, 1279px\" \/>\t\t\t\t\t\t\t\t\t\t\t\t\t\t\t<\/div>\n\t\t\t\t<\/div>\n\t\t\t\t<div class=\"elementor-element elementor-element-216dfb2 elementor-widget elementor-widget-image\" data-id=\"216dfb2\" data-element_type=\"widget\" data-settings=\"{&quot;motion_fx_motion_fx_scrolling&quot;:&quot;yes&quot;,&quot;motion_fx_translateY_effect&quot;:&quot;yes&quot;,&quot;motion_fx_translateY_speed&quot;:{&quot;unit&quot;:&quot;px&quot;,&quot;size&quot;:2,&quot;sizes&quot;:[]},&quot;motion_fx_devices&quot;:[&quot;desktop&quot;,&quot;tablet&quot;],&quot;motion_fx_translateY_affectedRange&quot;:{&quot;unit&quot;:&quot;%&quot;,&quot;size&quot;:&quot;&quot;,&quot;sizes&quot;:{&quot;start&quot;:0,&quot;end&quot;:100}}}\" data-widget_type=\"image.default\">\n\t\t\t\t<div class=\"elementor-widget-container\">\n\t\t\t\t\t\t\t\t\t\t\t\t\t\t\t<img decoding=\"async\" width=\"1920\" height=\"1279\" src=\"https:\/\/tcg.consulweb.click\/wp-content\/uploads\/IMG_2811.jpg\" class=\"attachment-full size-full wp-image-3901\" alt=\"Img 2811\" srcset=\"https:\/\/tcg.consulweb.click\/wp-content\/uploads\/IMG_2811.jpg 1920w, https:\/\/tcg.consulweb.click\/wp-content\/uploads\/IMG_2811-300x200.jpg 300w, https:\/\/tcg.consulweb.click\/wp-content\/uploads\/IMG_2811-1024x682.jpg 1024w, https:\/\/tcg.consulweb.click\/wp-content\/uploads\/IMG_2811-768x512.jpg 768w, https:\/\/tcg.consulweb.click\/wp-content\/uploads\/IMG_2811-1536x1023.jpg 1536w\" sizes=\"(max-width: 1920px) 100vw, 1920px\" \/>\t\t\t\t\t\t\t\t\t\t\t\t\t\t\t<\/div>\n\t\t\t\t<\/div>\n\t\t\t\t\t<\/div>\n\t\t\t\t<\/div>\n\t\t\t\t\t<\/div>\n\t\t\t\t<\/div>\n\t\t<div class=\"elementor-element elementor-element-4b9c84f e-con-full e-flex e-con e-parent\" data-id=\"4b9c84f\" data-element_type=\"container\" data-settings=\"{&quot;content_width&quot;:&quot;full&quot;}\" data-core-v316-plus=\"true\">\n\t\t\t\t<div class=\"elementor-element elementor-element-e00f8c2 elementor-widget elementor-widget-template\" data-id=\"e00f8c2\" data-element_type=\"widget\" data-widget_type=\"template.default\">\n\t\t\t\t<div class=\"elementor-widget-container\">\n\t\t\t\t\t<div class=\"elementor-template\">\n\t\t\t\t\t<div data-elementor-type=\"container\" data-elementor-id=\"4728\" class=\"elementor elementor-4728 elementor-3856\" data-elementor-post-type=\"elementor_library\">\n\t\t\t\t\t\t\t<div class=\"elementor-element elementor-element-4dd5b4f0 cta-reserva e-flex e-con-boxed e-con e-parent\" data-id=\"4dd5b4f0\" data-element_type=\"container\" data-settings=\"{&quot;background_background&quot;:&quot;classic&quot;,&quot;content_width&quot;:&quot;boxed&quot;}\" data-core-v316-plus=\"true\">\n\t\t\t\t\t<div class=\"e-con-inner\">\n\t\t\t\t<div class=\"elementor-element elementor-element-42c611b2 centered elementor-widget__width-initial elementor-view-default elementor-position-top elementor-mobile-position-top elementor-widget elementor-widget-icon-box\" data-id=\"42c611b2\" data-element_type=\"widget\" data-settings=\"{&quot;motion_fx_motion_fx_scrolling&quot;:&quot;yes&quot;,&quot;motion_fx_scale_effect&quot;:&quot;yes&quot;,&quot;motion_fx_devices&quot;:[&quot;desktop&quot;,&quot;tablet&quot;],&quot;motion_fx_scale_direction&quot;:&quot;out-in&quot;,&quot;motion_fx_scale_speed&quot;:{&quot;unit&quot;:&quot;px&quot;,&quot;size&quot;:4,&quot;sizes&quot;:[]},&quot;motion_fx_scale_range&quot;:{&quot;unit&quot;:&quot;%&quot;,&quot;size&quot;:&quot;&quot;,&quot;sizes&quot;:{&quot;start&quot;:20,&quot;end&quot;:80}}}\" data-widget_type=\"icon-box.default\">\n\t\t\t\t<div class=\"elementor-widget-container\">\n\t\t\t<link rel=\"stylesheet\" href=\"https:\/\/tcg.consulweb.click\/wp-content\/plugins\/elementor\/assets\/css\/widget-icon-box.min.css\">\t\t<div class=\"elementor-icon-box-wrapper\">\n\t\t\t\t\t\t<div class=\"elementor-icon-box-icon\">\n\t\t\t\t<a href=\"https:\/\/tcg.consulweb.click\/contact-us\/\" rel=\"nofollow\" aria-label=\"Contact\" class=\"elementor-icon elementor-animation-\" tabindex=\"-1\">\n\t\t\t\t<svg xmlns=\"http:\/\/www.w3.org\/2000\/svg\" width=\"24\" height=\"24\" viewBox=\"0 0 24 24\" fill=\"none\" stroke=\"currentColor\" stroke-width=\"1\" stroke-linecap=\"round\" stroke-linejoin=\"round\" class=\"icon icon-tabler icons-tabler-outline icon-tabler-arrow-narrow-right\"><path stroke=\"none\" d=\"M0 0h24v24H0z\" fill=\"none\"><\/path><path d=\"M5 12l14 0\"><\/path><path d=\"M15 16l4 -4\"><\/path><path d=\"M15 8l4 4\"><\/path><\/svg>\t\t\t\t<\/a>\n\t\t\t<\/div>\n\t\t\t\t\t\t<div class=\"elementor-icon-box-content\">\n\t\t\t\t<h3 class=\"elementor-icon-box-title\">\n\t\t\t\t\t<a href=\"https:\/\/tcg.consulweb.click\/contact-us\/\" rel=\"nofollow\" aria-label=\"Contact\" >\n\t\t\t\t\t\tThe Catalan Guide, tus expertos en Catalu\u00f1a.\t\t\t\t\t<\/a>\n\t\t\t\t<\/h3>\n\t\t\t\t\t\t\t\t\t<p class=\"elementor-icon-box-description\">\n\t\t\t\t\t\t\u00a1Reserva ahora!\t\t\t\t\t<\/p>\n\t\t\t\t\t\t\t<\/div>\n\t\t<\/div>\n\t\t\t\t<\/div>\n\t\t\t\t<\/div>\n\t\t\t\t\t<\/div>\n\t\t\t\t<\/div>\n\t\t\t\t\t\t\t<\/div>\n\t\t\t\t<\/div>\n\t\t\t\t<\/div>\n\t\t\t\t<\/div>\n\t\t\t\t<\/div>\n\t\t\t\t\t\t\t<\/div>\n\t\t","protected":false},"excerpt":{"rendered":"<p>Descubre la magia de Catalu\u00f1a Uno de los mayores atractivos de los Tours por Catalu\u00f1a con The Catalan Guide es la oportunidad de explorar los lugares m\u00e1s emblem\u00e1ticos de Barcelona. Visite el famoso Parque G\u00fcell, dise\u00f1ado por el legendario arquitecto Antoni Gaud\u00ed, y marav\u00edllese con sus coloridos mosaicos y su singular arquitectura. Pasee por las [&hellip;]<\/p>\n","protected":false},"author":1,"featured_media":0,"parent":0,"menu_order":0,"comment_status":"closed","ping_status":"closed","template":"","meta":{"inline_featured_image":false,"footnotes":""},"_links":{"self":[{"href":"https:\/\/tcg.consulweb.click\/es\/wp-json\/wp\/v2\/pages\/4682"}],"collection":[{"href":"https:\/\/tcg.consulweb.click\/es\/wp-json\/wp\/v2\/pages"}],"about":[{"href":"https:\/\/tcg.consulweb.click\/es\/wp-json\/wp\/v2\/types\/page"}],"author":[{"embeddable":true,"href":"https:\/\/tcg.consulweb.click\/es\/wp-json\/wp\/v2\/users\/1"}],"replies":[{"embeddable":true,"href":"https:\/\/tcg.consulweb.click\/es\/wp-json\/wp\/v2\/comments?post=4682"}],"version-history":[{"count":1,"href":"https:\/\/tcg.consulweb.click\/es\/wp-json\/wp\/v2\/pages\/4682\/revisions"}],"predecessor-version":[{"id":4683,"href":"https:\/\/tcg.consulweb.click\/es\/wp-json\/wp\/v2\/pages\/4682\/revisions\/4683"}],"wp:attachment":[{"href":"https:\/\/tcg.consulweb.click\/es\/wp-json\/wp\/v2\/media?parent=4682"}],"curies":[{"name":"wp","href":"https:\/\/api.w.org\/{rel}","templated":true}]}}